{"id":103,"date":"2023-06-26T16:29:16","date_gmt":"2023-06-26T16:29:16","guid":{"rendered":"https:\/\/caminoferrerastraducciones.com\/?page_id=103"},"modified":"2023-09-22T08:50:59","modified_gmt":"2023-09-22T08:50:59","slug":"contacto","status":"publish","type":"page","link":"https:\/\/caminoferrerastraducciones.com\/index.php\/contacto\/","title":{"rendered":"Contacto"},"content":{"rendered":"\n<div class=\"section-wrapper\" data-id=\"2cw8B7\"><section class=\"wp-block-gutenverse-section guten-element guten-section guten-2cw8B7 layout-boxed align-stretch\"><div class=\"guten-background-overlay\"><\/div><div class=\"guten-shape-divider guten-shape-divider-top\"><\/div><div class=\"guten-shape-divider guten-shape-divider-bottom\"><\/div><div class=\"guten-container guten-column-gap-default\">\n<div class=\"wp-block-gutenverse-column guten-element guten-column guten-tCwytO\"><div class=\"guten-background-overlay\"><\/div><div class=\"sticky-wrapper\" data-id=\"tCwytO\"><div class=\"guten-column-wrapper\">\n<h5 class=\"wp-block-gutenverse-heading guten-element guten-aMPUWb animated guten-element-hide slow desktop-fadeInLeft\">Contacto<\/h5>\n\n\n\n<h2 class=\"wp-block-gutenverse-heading guten-element guten-3kS4kk\">Estoy lista para trabajar contigo<\/h2>\n\n\n\n<div class=\"guten-element gutenverse-text-editor guten-bwmK4G\"><div class=\"text-content-inner\">\n<p>Puedes contactarme por Whatsapp si lo deseas en el n\u00famero de tel\u00e9fono que se indica a continuaci\u00f3n:<\/p>\n<\/div><\/div>\n\n\n\n<div class=\"section-wrapper\" data-id=\"7z09Io\"><section class=\"wp-block-gutenverse-section guten-element guten-section guten-7z09Io layout-fullwidth align-stretch\"><div class=\"guten-background-overlay\"><\/div><div class=\"guten-shape-divider guten-shape-divider-top\"><\/div><div class=\"guten-shape-divider guten-shape-divider-bottom\"><\/div><div class=\"guten-container guten-column-gap-no\">\n<div class=\"wp-block-gutenverse-column guten-element guten-column guten-Ol0DVU\"><div class=\"guten-background-overlay\"><\/div><div class=\"sticky-wrapper\" data-id=\"Ol0DVU\"><div class=\"guten-column-wrapper\">\n<div class=\"guten-element guten-7MwyZd guten-icon-box icon-position-left\"><div class=\"guten-icon-box-wrapper hover-from-left\"><div class=\"icon-box icon-box-header\"><div class=\"icon style-color\"><i class=\"gtn gtn-email-light\"><\/i><\/div><\/div><div class=\"icon-box icon-box-body\"><h3 class=\"title\">Email<\/h3><p class=\"icon-box-description\">caminoferrerastraducciones@gmail.com<\/p><\/div><\/div><\/div>\n<\/div><\/div><\/div>\n<\/div><\/section><\/div>\n\n\n\n<div class=\"section-wrapper\" data-id=\"k5uquA\"><section class=\"wp-block-gutenverse-section guten-element guten-section guten-k5uquA layout-boxed align-stretch\"><div class=\"guten-background-overlay\"><\/div><div class=\"guten-shape-divider guten-shape-divider-top\"><\/div><div class=\"guten-shape-divider guten-shape-divider-bottom\"><\/div><div class=\"guten-container guten-column-gap-no\">\n<div class=\"wp-block-gutenverse-column guten-element guten-column guten-lQPNC0\"><div class=\"guten-background-overlay\"><\/div><div class=\"sticky-wrapper\" data-id=\"lQPNC0\"><div class=\"guten-column-wrapper\">\n<div class=\"guten-element guten-HE6K3N guten-icon-box icon-position-left\"><div class=\"guten-icon-box-wrapper hover-from-left\"><div class=\"icon-box icon-box-header\"><div class=\"icon style-color\"><i class=\"gtn gtn-phone1-light\"><\/i><\/div><\/div><div class=\"icon-box icon-box-body\"><h3 class=\"title\">Tel\u00e9fono<\/h3><p class=\"icon-box-description\">(+34) 629 82 11 47<\/p><\/div><\/div><\/div>\n<\/div><\/div><\/div>\n\n\n\n<div class=\"wp-block-gutenverse-column guten-element guten-column guten-47yyzn\"><div class=\"guten-background-overlay\"><\/div><div class=\"sticky-wrapper\" data-id=\"47yyzn\"><div class=\"guten-column-wrapper\">\n<div class=\"guten-element guten-TTPwcH guten-icon-box icon-position-left\"><div class=\"guten-icon-box-wrapper hover-from-left\"><div class=\"icon-box icon-box-header\"><div class=\"icon style-color\"><i class=\"gtn gtn-apartment-light\"><\/i><\/div><\/div><div class=\"icon-box icon-box-body\"><h3 class=\"title\">Albacete<\/h3><p class=\"icon-box-description\">C\/ Melilla 2, 2\u00baQ, 02001<\/p><\/div><\/div><\/div>\n<\/div><\/div><\/div>\n<\/div><\/section><\/div>\n<\/div><\/div><\/div>\n\n\n\n<div class=\"wp-block-gutenverse-column guten-element guten-column guten-CWslS9 animated guten-element-hide slow desktop-fadeInUp\"><div class=\"guten-background-overlay\"><\/div><div class=\"sticky-wrapper\" data-id=\"CWslS9\"><div class=\"guten-column-wrapper\">\n<div class=\"wp-block-contact-form-7-contact-form-selector\">\n<div class=\"wpcf7 no-js\" id=\"wpcf7-f107-o1\" lang=\"es-ES\" dir=\"ltr\">\n<div class=\"screen-reader-response\"><p role=\"status\" aria-live=\"polite\" aria-atomic=\"true\"><\/p> <ul><\/ul><\/div>\n<form action=\"\/index.php\/wp-json\/wp\/v2\/pages\/103#wpcf7-f107-o1\" method=\"post\" class=\"wpcf7-form init\" aria-label=\"Formulario de contacto\" enctype=\"multipart\/form-data\" novalidate=\"novalidate\" data-status=\"init\">\n<div style=\"display: none;\">\n<input type=\"hidden\" name=\"_wpcf7\" value=\"107\" \/>\n<input type=\"hidden\" name=\"_wpcf7_version\" value=\"5.8.5\" \/>\n<input type=\"hidden\" name=\"_wpcf7_locale\" value=\"es_ES\" \/>\n<input type=\"hidden\" name=\"_wpcf7_unit_tag\" value=\"wpcf7-f107-o1\" \/>\n<input type=\"hidden\" name=\"_wpcf7_container_post\" value=\"0\" \/>\n<input type=\"hidden\" name=\"_wpcf7_posted_data_hash\" value=\"\" \/>\n<\/div>\n<p><label> Tu nombre<br \/>\n<span class=\"wpcf7-form-control-wrap\" data-name=\"your-name\"><input size=\"40\" class=\"wpcf7-form-control wpcf7-text wpcf7-validates-as-required\" autocomplete=\"name\" aria-required=\"true\" aria-invalid=\"false\" value=\"\" type=\"text\" name=\"your-name\" \/><\/span> <\/label>\n<\/p>\n<p><label> Tu correo electr\u00f3nico<br \/>\n<span class=\"wpcf7-form-control-wrap\" data-name=\"your-email\"><input size=\"40\" class=\"wpcf7-form-control wpcf7-email wpcf7-validates-as-required wpcf7-text wpcf7-validates-as-email\" autocomplete=\"email\" aria-required=\"true\" aria-invalid=\"false\" value=\"\" type=\"email\" name=\"your-email\" \/><\/span> <\/label>\n<\/p>\n<p><label> Tu mensaje (opcional)<br \/>\n<span class=\"wpcf7-form-control-wrap\" data-name=\"your-message\"><textarea cols=\"40\" rows=\"10\" class=\"wpcf7-form-control wpcf7-textarea\" aria-invalid=\"false\" name=\"your-message\"><\/textarea><\/span> <\/label>\n<\/p>\n<p><label> Archivo a traducir (opcional)<br \/>\n<span class=\"wpcf7-form-control-wrap\" data-name=\"file-473\"><input size=\"40\" class=\"wpcf7-form-control wpcf7-file\" id=\"archivos\" accept=\".pdf,.doc,.docx\" aria-invalid=\"false\" type=\"file\" name=\"file-473\" \/><\/span> <\/label>\n<\/p>\n<p><span class=\"wpcf7-form-control-wrap\" data-name=\"acceptance-508\"><span class=\"wpcf7-form-control wpcf7-acceptance\"><span class=\"wpcf7-list-item\"><label><input type=\"checkbox\" name=\"acceptance-508\" value=\"1\" aria-invalid=\"false\" \/><span class=\"wpcf7-list-item-label\">Consiento el uso de mis datos para los fines indicados en la pol\u00edtica de privacidad \u201cPOL\u00cdTICA DE PRIVACIDAD\u201d<\/span><\/label><\/span><\/span><\/span><br \/>\n<span class=\"wpcf7-form-control-wrap\" data-name=\"acceptance-695\"><span class=\"wpcf7-form-control wpcf7-acceptance\"><span class=\"wpcf7-list-item\"><label><input type=\"checkbox\" name=\"acceptance-695\" value=\"1\" aria-invalid=\"false\" \/><span class=\"wpcf7-list-item-label\">Consiento el uso de mis datos personales para recibir publicidad de su entidad.<\/span><\/label><\/span><\/span><\/span><br \/>\n<input class=\"wpcf7-form-control wpcf7-submit has-spinner\" type=\"submit\" value=\"Enviar\" \/>\n<\/p><div class=\"wpcf7-response-output\" aria-hidden=\"true\"><\/div>\n<\/form>\n<\/div>\n<\/div>\n<\/div><\/div><\/div>\n<\/div><\/section><\/div>\n\n\n\n<div class=\"section-wrapper\" data-id=\"HrmcEJ\"><section class=\"wp-block-gutenverse-section guten-element guten-section guten-HrmcEJ layout-fullwidth align-stretch\"><div class=\"guten-background-overlay\"><\/div><div class=\"guten-shape-divider guten-shape-divider-top\"><\/div><div class=\"guten-shape-divider guten-shape-divider-bottom\"><\/div><div class=\"guten-container guten-column-gap-no\">\n<div class=\"wp-block-gutenverse-column guten-element guten-column guten-q3lgRr\"><div class=\"guten-background-overlay\"><\/div><div class=\"sticky-wrapper\" data-id=\"q3lgRr\"><div class=\"guten-column-wrapper\">\n<div class=\"guten-element gutenverse-maps guten-oGEFfX\"><iframe frameborder=\"0\" scrolling=\"no\" marginheight=\"0\" marginwidth=\"0\" src=\"https:\/\/maps.google.com\/maps?q=C%2F%20Melilla%202%2C%202%C2%BAQ%2C%2002001&amp;z=17&amp;t=m&amp;output=embed&amp;iwloc=near\" title=\"C\/ Melilla 2, 2\u00baQ, 02001\"><\/iframe><\/div>\n<\/div><\/div><\/div>\n<\/div><\/section><\/div>\n","protected":false},"excerpt":{"rendered":"","protected":false},"author":1,"featured_media":0,"parent":0,"menu_order":0,"comment_status":"closed","ping_status":"closed","template":"","meta":{"footnotes":""},"yoast_head":"<!-- This site is optimized with the Yoast SEO plugin v21.7 - https:\/\/yoast.com\/wordpress\/plugins\/seo\/ -->\n<title>Contacto - Camino Ferreras Traducciones<\/title>\n<meta name=\"robots\" content=\"index, follow, max-snippet:-1, max-image-preview:large, max-video-preview:-1\" \/>\n<link rel=\"canonical\" href=\"https:\/\/caminoferrerastraducciones.com\/index.php\/contacto\/\" \/>\n<meta property=\"og:locale\" content=\"es_ES\" \/>\n<meta property=\"og:type\" content=\"article\" \/>\n<meta property=\"og:title\" content=\"Contacto - Camino Ferreras Traducciones\" \/>\n<meta property=\"og:url\" content=\"https:\/\/caminoferrerastraducciones.com\/index.php\/contacto\/\" \/>\n<meta property=\"og:site_name\" content=\"Camino Ferreras Traducciones\" \/>\n<meta property=\"article:modified_time\" content=\"2023-09-22T08:50:59+00:00\" \/>\n<meta property=\"og:image\" content=\"https:\/\/caminoferrerastraducciones.com\/wp-content\/uploads\/2023\/06\/logo-lila.png\" \/>\n\t<meta property=\"og:image:width\" content=\"463\" \/>\n\t<meta property=\"og:image:height\" content=\"115\" \/>\n\t<meta property=\"og:image:type\" content=\"image\/png\" \/>\n<meta name=\"twitter:card\" content=\"summary_large_image\" \/>\n<meta name=\"twitter:label1\" content=\"Tiempo de lectura\" \/>\n\t<meta name=\"twitter:data1\" content=\"1 minuto\" \/>\n<script type=\"application\/ld+json\" class=\"yoast-schema-graph\">{\"@context\":\"https:\/\/schema.org\",\"@graph\":[{\"@type\":\"WebPage\",\"@id\":\"https:\/\/caminoferrerastraducciones.com\/index.php\/contacto\/\",\"url\":\"https:\/\/caminoferrerastraducciones.com\/index.php\/contacto\/\",\"name\":\"Contacto - Camino Ferreras Traducciones\",\"isPartOf\":{\"@id\":\"https:\/\/caminoferrerastraducciones.com\/#website\"},\"datePublished\":\"2023-06-26T16:29:16+00:00\",\"dateModified\":\"2023-09-22T08:50:59+00:00\",\"breadcrumb\":{\"@id\":\"https:\/\/caminoferrerastraducciones.com\/index.php\/contacto\/#breadcrumb\"},\"inLanguage\":\"es\",\"potentialAction\":[{\"@type\":\"ReadAction\",\"target\":[\"https:\/\/caminoferrerastraducciones.com\/index.php\/contacto\/\"]}]},{\"@type\":\"BreadcrumbList\",\"@id\":\"https:\/\/caminoferrerastraducciones.com\/index.php\/contacto\/#breadcrumb\",\"itemListElement\":[{\"@type\":\"ListItem\",\"position\":1,\"name\":\"Portada\",\"item\":\"https:\/\/caminoferrerastraducciones.com\/\"},{\"@type\":\"ListItem\",\"position\":2,\"name\":\"Contacto\"}]},{\"@type\":\"WebSite\",\"@id\":\"https:\/\/caminoferrerastraducciones.com\/#website\",\"url\":\"https:\/\/caminoferrerastraducciones.com\/\",\"name\":\"Camino Ferreras Traducciones\",\"description\":\"Conf\u00eda tus traducciones juradas de ingl\u00e9s-espa\u00f1ol a una profesional acreditada\",\"publisher\":{\"@id\":\"https:\/\/caminoferrerastraducciones.com\/#organization\"},\"alternateName\":\"Camino Ferreras\",\"potentialAction\":[{\"@type\":\"SearchAction\",\"target\":{\"@type\":\"EntryPoint\",\"urlTemplate\":\"https:\/\/caminoferrerastraducciones.com\/?s={search_term_string}\"},\"query-input\":\"required name=search_term_string\"}],\"inLanguage\":\"es\"},{\"@type\":\"Organization\",\"@id\":\"https:\/\/caminoferrerastraducciones.com\/#organization\",\"name\":\"Camino Ferreras Traducciones\",\"url\":\"https:\/\/caminoferrerastraducciones.com\/\",\"logo\":{\"@type\":\"ImageObject\",\"inLanguage\":\"es\",\"@id\":\"https:\/\/caminoferrerastraducciones.com\/#\/schema\/logo\/image\/\",\"url\":\"https:\/\/caminoferrerastraducciones.com\/wp-content\/uploads\/2023\/06\/cropped-logo-lila.png\",\"contentUrl\":\"https:\/\/caminoferrerastraducciones.com\/wp-content\/uploads\/2023\/06\/cropped-logo-lila.png\",\"width\":95,\"height\":92,\"caption\":\"Camino Ferreras Traducciones\"},\"image\":{\"@id\":\"https:\/\/caminoferrerastraducciones.com\/#\/schema\/logo\/image\/\"},\"sameAs\":[\"https:\/\/www.instagram.com\/caminoferreras\/\",\"https:\/\/www.linkedin.com\/in\/mara-del-camino-ferreras-gonzlez-4b358485\/\"]}]}<\/script>\n<!-- \/ Yoast SEO plugin. -->","yoast_head_json":{"title":"Contacto - Camino Ferreras Traducciones","robots":{"index":"index","follow":"follow","max-snippet":"max-snippet:-1","max-image-preview":"max-image-preview:large","max-video-preview":"max-video-preview:-1"},"canonical":"https:\/\/caminoferrerastraducciones.com\/index.php\/contacto\/","og_locale":"es_ES","og_type":"article","og_title":"Contacto - Camino Ferreras Traducciones","og_url":"https:\/\/caminoferrerastraducciones.com\/index.php\/contacto\/","og_site_name":"Camino Ferreras Traducciones","article_modified_time":"2023-09-22T08:50:59+00:00","og_image":[{"width":463,"height":115,"url":"https:\/\/caminoferrerastraducciones.com\/wp-content\/uploads\/2023\/06\/logo-lila.png","type":"image\/png"}],"twitter_card":"summary_large_image","twitter_misc":{"Tiempo de lectura":"1 minuto"},"schema":{"@context":"https:\/\/schema.org","@graph":[{"@type":"WebPage","@id":"https:\/\/caminoferrerastraducciones.com\/index.php\/contacto\/","url":"https:\/\/caminoferrerastraducciones.com\/index.php\/contacto\/","name":"Contacto - Camino Ferreras Traducciones","isPartOf":{"@id":"https:\/\/caminoferrerastraducciones.com\/#website"},"datePublished":"2023-06-26T16:29:16+00:00","dateModified":"2023-09-22T08:50:59+00:00","breadcrumb":{"@id":"https:\/\/caminoferrerastraducciones.com\/index.php\/contacto\/#breadcrumb"},"inLanguage":"es","potentialAction":[{"@type":"ReadAction","target":["https:\/\/caminoferrerastraducciones.com\/index.php\/contacto\/"]}]},{"@type":"BreadcrumbList","@id":"https:\/\/caminoferrerastraducciones.com\/index.php\/contacto\/#breadcrumb","itemListElement":[{"@type":"ListItem","position":1,"name":"Portada","item":"https:\/\/caminoferrerastraducciones.com\/"},{"@type":"ListItem","position":2,"name":"Contacto"}]},{"@type":"WebSite","@id":"https:\/\/caminoferrerastraducciones.com\/#website","url":"https:\/\/caminoferrerastraducciones.com\/","name":"Camino Ferreras Traducciones","description":"Conf\u00eda tus traducciones juradas de ingl\u00e9s-espa\u00f1ol a una profesional acreditada","publisher":{"@id":"https:\/\/caminoferrerastraducciones.com\/#organization"},"alternateName":"Camino Ferreras","potentialAction":[{"@type":"SearchAction","target":{"@type":"EntryPoint","urlTemplate":"https:\/\/caminoferrerastraducciones.com\/?s={search_term_string}"},"query-input":"required name=search_term_string"}],"inLanguage":"es"},{"@type":"Organization","@id":"https:\/\/caminoferrerastraducciones.com\/#organization","name":"Camino Ferreras Traducciones","url":"https:\/\/caminoferrerastraducciones.com\/","logo":{"@type":"ImageObject","inLanguage":"es","@id":"https:\/\/caminoferrerastraducciones.com\/#\/schema\/logo\/image\/","url":"https:\/\/caminoferrerastraducciones.com\/wp-content\/uploads\/2023\/06\/cropped-logo-lila.png","contentUrl":"https:\/\/caminoferrerastraducciones.com\/wp-content\/uploads\/2023\/06\/cropped-logo-lila.png","width":95,"height":92,"caption":"Camino Ferreras Traducciones"},"image":{"@id":"https:\/\/caminoferrerastraducciones.com\/#\/schema\/logo\/image\/"},"sameAs":["https:\/\/www.instagram.com\/caminoferreras\/","https:\/\/www.linkedin.com\/in\/mara-del-camino-ferreras-gonzlez-4b358485\/"]}]}},"_links":{"self":[{"href":"https:\/\/caminoferrerastraducciones.com\/index.php\/wp-json\/wp\/v2\/pages\/103"}],"collection":[{"href":"https:\/\/caminoferrerastraducciones.com\/index.php\/wp-json\/wp\/v2\/pages"}],"about":[{"href":"https:\/\/caminoferrerastraducciones.com\/index.php\/wp-json\/wp\/v2\/types\/page"}],"author":[{"embeddable":true,"href":"https:\/\/caminoferrerastraducciones.com\/index.php\/wp-json\/wp\/v2\/users\/1"}],"replies":[{"embeddable":true,"href":"https:\/\/caminoferrerastraducciones.com\/index.php\/wp-json\/wp\/v2\/comments?post=103"}],"version-history":[{"count":9,"href":"https:\/\/caminoferrerastraducciones.com\/index.php\/wp-json\/wp\/v2\/pages\/103\/revisions"}],"predecessor-version":[{"id":147,"href":"https:\/\/caminoferrerastraducciones.com\/index.php\/wp-json\/wp\/v2\/pages\/103\/revisions\/147"}],"wp:attachment":[{"href":"https:\/\/caminoferrerastraducciones.com\/index.php\/wp-json\/wp\/v2\/media?parent=103"}],"curies":[{"name":"wp","href":"https:\/\/api.w.org\/{rel}","templated":true}]}}