{"id":142,"date":"2023-07-19T20:38:25","date_gmt":"2023-07-19T20:38:25","guid":{"rendered":"https:\/\/caminoferrerastraducciones.com\/?page_id=142"},"modified":"2023-07-19T20:38:26","modified_gmt":"2023-07-19T20:38:26","slug":"declaracion-de-accesibilidad","status":"publish","type":"page","link":"https:\/\/caminoferrerastraducciones.com\/index.php\/declaracion-de-accesibilidad\/","title":{"rendered":"Declaraci\u00f3n de accesibilidad"},"content":{"rendered":"\n<p>Realizada por Kaam Inovaci\u00f3n y tecnolog\u00eda S.L.<\/p>\n\n\n\n<p>Fecha de la declaraci\u00f3n: 19 de julio de 2023.<\/p>\n\n\n\n<p>Kaam Inovaci\u00f3n y tecnolog\u00eda S.L. se compromete a garantizar la accesibilidad digital para las personas con discapacidades. Mejoramos continuamente la experiencia del usuario para todos y aplicamos los est\u00e1ndares de accesibilidad relevantes.<\/p>\n\n\n\n<p><strong>Medidas para promover la accesibilidad<\/strong><\/p>\n\n\n\n<p>Kaam Inovaci\u00f3n y tecnolog\u00eda S.L. toma las siguientes medidas para garantizar la accesibilidad de Caminoferrerastraducciones.es:<\/p>\n\n\n\n<ol>\n<li>Incluye la accesibilidad en nuestras pol\u00edticas internas.<\/li>\n\n\n\n<li>Proporciona formaci\u00f3n continua sobre accesibilidad a nuestro personal.<\/li>\n\n\n\n<li>Asegura la accesibilidad mediante una metodolog\u00eda de dise\u00f1o inclusivo.<\/li>\n\n\n\n<li>Incorpora evaluaciones y pruebas de accesibilidad en el proceso de desarrollo del software.<\/li>\n<\/ol>\n\n\n\n<p><strong>Conformidad con los est\u00e1ndares de accesibilidad<\/strong><\/p>\n\n\n\n<p>Caminoferrerastraducciones.es est\u00e1 parcialmente conforme con la Directiva (UE) 2016\/2102 del Parlamento Europeo y del Consejo de 26 de octubre de 2016 sobre la accesibilidad de los sitios web y aplicaciones para dispositivos m\u00f3viles de los organismos del sector p\u00fablico, debido a:<\/p>\n\n\n\n<p><strong>Contenido no accesible<\/strong><\/p>\n\n\n\n<p>El contenido que no cumple con el est\u00e1ndar de accesibilidad incluye:<\/p>\n\n\n\n<ul>\n<li><strong><a href=\"https:\/\/www.hacienda.gob.es\/es-ES\/Paginas\/Accesibilidad-no-conforme.aspx\">Falta de conformidad con el Real Decreto 1112\/2018, de 7 de septiembre<\/a><\/strong>: podr\u00edan existir fallos puntuales de edici\u00f3n en alguna p\u00e1gina web, tanto en contenidos HTML como en documentos finales, publicados en fecha posterior al 20 de septiembre de 2018 (fecha de entrada en vigor del Real Decreto 1112\/2018, de 7 de septiembre). Concretamente puede haber errores en aquellos documentos que contienen gr\u00e1ficos, tablas complejas o en aquellos firmados electr\u00f3nicamente antes de su revisi\u00f3n de accesibilidad.<\/li>\n\n\n\n<li><strong>Carga desproporcionada<\/strong>: no aplica.<\/li>\n\n\n\n<li>El contenido&nbsp;<strong>no entra dentro del \u00e1mbito de la legislaci\u00f3n<\/strong>&nbsp;aplicable: Existen archivos ofim\u00e1ticos en PDF u otros formatos publicados antes del 20 de septiembre de 2018 que no cumplen en su totalidad todos los requisitos de accesibilidad; tambi\u00e9n pueden estar en esa situaci\u00f3n contenidos de terceros no financiados, ni desarrollados, ni bajo el control de Kaam Inovacion y tecnolog\u00eda S.L.<\/li>\n<\/ul>\n\n\n\n<p><strong>Mejoras y planes de tiempo<\/strong><\/p>\n\n\n\n<p>Estamos trabajando actualmente en la mejora de Caminoferrerastraducciones.es. Nuestro objetivo es resolver las inaccesibilidades detectadas.<\/p>\n\n\n\n<p><strong>Retroalimentaci\u00f3n<\/strong><\/p>\n\n\n\n<p>Valoramos su opini\u00f3n y nos gustar\u00eda conocer sus comentarios sobre la accesibilidad de [nombre del sitio web\/aplicaci\u00f3n]. Por favor, av\u00edsenos si encuentra problemas de accesibilidad:<\/p>\n\n\n\n<ul>\n<li>Tel\u00e9fono: 96 781 9077<\/li>\n\n\n\n<li>E-mail: info@kaam.es<\/li>\n\n\n\n<li>Direcci\u00f3n postal: Marqu\u00e9s de Molins 13, 1\u00ba Planta Albacete, CLM 02001<\/li>\n<\/ul>\n\n\n\n<p>Esforzaremos por responder a la retroalimentaci\u00f3n dentro de 5 d\u00edas h\u00e1biles.<\/p>\n\n\n\n<p><strong>Procedimientos de aplicaci\u00f3n<\/strong><\/p>\n\n\n\n<p>Si no est\u00e1 satisfecho con nuestra respuesta, o si considera que nuestro sitio web o aplicaci\u00f3n no cumplen con la Directiva (UE) 2016\/2102, puede contactar con el Defensor del Pueblo en c\/ Zurbano, 42 (28010 Madrid), o enviar un correo electr\u00f3nico a&nbsp;<a href=\"mailto:registro@defensordelpueblo.es\" target=\"_blank\" rel=\"noreferrer noopener\">registro@defensordelpueblo.es<\/a>, o llamar al 900 101 025.<\/p>\n\n\n\n<p><strong>Fecha de la \u00faltima revisi\u00f3n de la declaraci\u00f3n<\/strong><\/p>\n\n\n\n<p>Esta declaraci\u00f3n fue revisada por \u00faltima vez el 19 de julio de 2023.<\/p>\n","protected":false},"excerpt":{"rendered":"<p>Realizada por Kaam Inovaci\u00f3n y tecnolog\u00eda S.L. Fecha de la declaraci\u00f3n: 19 de julio de 2023. Kaam Inovaci\u00f3n y tecnolog\u00eda S.L. se compromete a garantizar la accesibilidad digital para las personas con discapacidades. Mejoramos continuamente la experiencia del usuario para todos y aplicamos los est\u00e1ndares de accesibilidad relevantes. Medidas para promover la accesibilidad Kaam Inovaci\u00f3n y tecnolog\u00eda S.L. toma las siguientes medidas para garantizar la accesibilidad de Caminoferrerastraducciones.es: Conformidad con los est\u00e1ndares de accesibilidad Caminoferrerastraducciones.es est\u00e1 parcialmente conforme con la Directiva (UE) 2016\/2102 del Parlamento Europeo y del Consejo de 26 de octubre de 2016 sobre la accesibilidad de los<\/p>\n","protected":false},"author":1,"featured_media":0,"parent":0,"menu_order":0,"comment_status":"closed","ping_status":"closed","template":"","meta":{"footnotes":""},"yoast_head":"<!-- This site is optimized with the Yoast SEO plugin v21.7 - https:\/\/yoast.com\/wordpress\/plugins\/seo\/ -->\n<title>Declaraci\u00f3n de accesibilidad - Camino Ferreras Traducciones<\/title>\n<meta name=\"robots\" content=\"index, follow, max-snippet:-1, max-image-preview:large, max-video-preview:-1\" \/>\n<link rel=\"canonical\" href=\"https:\/\/caminoferrerastraducciones.com\/index.php\/declaracion-de-accesibilidad\/\" \/>\n<meta property=\"og:locale\" content=\"es_ES\" \/>\n<meta property=\"og:type\" content=\"article\" \/>\n<meta property=\"og:title\" content=\"Declaraci\u00f3n de accesibilidad - Camino Ferreras Traducciones\" \/>\n<meta property=\"og:description\" content=\"Realizada por Kaam Inovaci\u00f3n y tecnolog\u00eda S.L. Fecha de la declaraci\u00f3n: 19 de julio de 2023. Kaam Inovaci\u00f3n y tecnolog\u00eda S.L. se compromete a garantizar la accesibilidad digital para las personas con discapacidades. Mejoramos continuamente la experiencia del usuario para todos y aplicamos los est\u00e1ndares de accesibilidad relevantes. Medidas para promover la accesibilidad Kaam Inovaci\u00f3n y tecnolog\u00eda S.L. toma las siguientes medidas para garantizar la accesibilidad de Caminoferrerastraducciones.es: Conformidad con los est\u00e1ndares de accesibilidad Caminoferrerastraducciones.es est\u00e1 parcialmente conforme con la Directiva (UE) 2016\/2102 del Parlamento Europeo y del Consejo de 26 de octubre de 2016 sobre la accesibilidad de los\" \/>\n<meta property=\"og:url\" content=\"https:\/\/caminoferrerastraducciones.com\/index.php\/declaracion-de-accesibilidad\/\" \/>\n<meta property=\"og:site_name\" content=\"Camino Ferreras Traducciones\" \/>\n<meta property=\"article:modified_time\" content=\"2023-07-19T20:38:26+00:00\" \/>\n<meta property=\"og:image\" content=\"https:\/\/caminoferrerastraducciones.com\/wp-content\/uploads\/2023\/06\/logo-lila.png\" \/>\n\t<meta property=\"og:image:width\" content=\"463\" \/>\n\t<meta property=\"og:image:height\" content=\"115\" \/>\n\t<meta property=\"og:image:type\" content=\"image\/png\" \/>\n<meta name=\"twitter:card\" content=\"summary_large_image\" \/>\n<meta name=\"twitter:label1\" content=\"Tiempo de lectura\" \/>\n\t<meta name=\"twitter:data1\" content=\"3 minutos\" \/>\n<script type=\"application\/ld+json\" class=\"yoast-schema-graph\">{\"@context\":\"https:\/\/schema.org\",\"@graph\":[{\"@type\":\"WebPage\",\"@id\":\"https:\/\/caminoferrerastraducciones.com\/index.php\/declaracion-de-accesibilidad\/\",\"url\":\"https:\/\/caminoferrerastraducciones.com\/index.php\/declaracion-de-accesibilidad\/\",\"name\":\"Declaraci\u00f3n de accesibilidad - Camino Ferreras Traducciones\",\"isPartOf\":{\"@id\":\"https:\/\/caminoferrerastraducciones.com\/#website\"},\"datePublished\":\"2023-07-19T20:38:25+00:00\",\"dateModified\":\"2023-07-19T20:38:26+00:00\",\"breadcrumb\":{\"@id\":\"https:\/\/caminoferrerastraducciones.com\/index.php\/declaracion-de-accesibilidad\/#breadcrumb\"},\"inLanguage\":\"es\",\"potentialAction\":[{\"@type\":\"ReadAction\",\"target\":[\"https:\/\/caminoferrerastraducciones.com\/index.php\/declaracion-de-accesibilidad\/\"]}]},{\"@type\":\"BreadcrumbList\",\"@id\":\"https:\/\/caminoferrerastraducciones.com\/index.php\/declaracion-de-accesibilidad\/#breadcrumb\",\"itemListElement\":[{\"@type\":\"ListItem\",\"position\":1,\"name\":\"Portada\",\"item\":\"https:\/\/caminoferrerastraducciones.com\/\"},{\"@type\":\"ListItem\",\"position\":2,\"name\":\"Declaraci\u00f3n de accesibilidad\"}]},{\"@type\":\"WebSite\",\"@id\":\"https:\/\/caminoferrerastraducciones.com\/#website\",\"url\":\"https:\/\/caminoferrerastraducciones.com\/\",\"name\":\"Camino Ferreras Traducciones\",\"description\":\"Conf\u00eda tus traducciones juradas de ingl\u00e9s-espa\u00f1ol a una profesional acreditada\",\"publisher\":{\"@id\":\"https:\/\/caminoferrerastraducciones.com\/#organization\"},\"alternateName\":\"Camino Ferreras\",\"potentialAction\":[{\"@type\":\"SearchAction\",\"target\":{\"@type\":\"EntryPoint\",\"urlTemplate\":\"https:\/\/caminoferrerastraducciones.com\/?s={search_term_string}\"},\"query-input\":\"required name=search_term_string\"}],\"inLanguage\":\"es\"},{\"@type\":\"Organization\",\"@id\":\"https:\/\/caminoferrerastraducciones.com\/#organization\",\"name\":\"Camino Ferreras Traducciones\",\"url\":\"https:\/\/caminoferrerastraducciones.com\/\",\"logo\":{\"@type\":\"ImageObject\",\"inLanguage\":\"es\",\"@id\":\"https:\/\/caminoferrerastraducciones.com\/#\/schema\/logo\/image\/\",\"url\":\"https:\/\/caminoferrerastraducciones.com\/wp-content\/uploads\/2023\/06\/cropped-logo-lila.png\",\"contentUrl\":\"https:\/\/caminoferrerastraducciones.com\/wp-content\/uploads\/2023\/06\/cropped-logo-lila.png\",\"width\":95,\"height\":92,\"caption\":\"Camino Ferreras Traducciones\"},\"image\":{\"@id\":\"https:\/\/caminoferrerastraducciones.com\/#\/schema\/logo\/image\/\"},\"sameAs\":[\"https:\/\/www.instagram.com\/caminoferreras\/\",\"https:\/\/www.linkedin.com\/in\/mara-del-camino-ferreras-gonzlez-4b358485\/\"]}]}<\/script>\n<!-- \/ Yoast SEO plugin. -->","yoast_head_json":{"title":"Declaraci\u00f3n de accesibilidad - Camino Ferreras Traducciones","robots":{"index":"index","follow":"follow","max-snippet":"max-snippet:-1","max-image-preview":"max-image-preview:large","max-video-preview":"max-video-preview:-1"},"canonical":"https:\/\/caminoferrerastraducciones.com\/index.php\/declaracion-de-accesibilidad\/","og_locale":"es_ES","og_type":"article","og_title":"Declaraci\u00f3n de accesibilidad - Camino Ferreras Traducciones","og_description":"Realizada por Kaam Inovaci\u00f3n y tecnolog\u00eda S.L. Fecha de la declaraci\u00f3n: 19 de julio de 2023. Kaam Inovaci\u00f3n y tecnolog\u00eda S.L. se compromete a garantizar la accesibilidad digital para las personas con discapacidades. Mejoramos continuamente la experiencia del usuario para todos y aplicamos los est\u00e1ndares de accesibilidad relevantes. Medidas para promover la accesibilidad Kaam Inovaci\u00f3n y tecnolog\u00eda S.L. toma las siguientes medidas para garantizar la accesibilidad de Caminoferrerastraducciones.es: Conformidad con los est\u00e1ndares de accesibilidad Caminoferrerastraducciones.es est\u00e1 parcialmente conforme con la Directiva (UE) 2016\/2102 del Parlamento Europeo y del Consejo de 26 de octubre de 2016 sobre la accesibilidad de los","og_url":"https:\/\/caminoferrerastraducciones.com\/index.php\/declaracion-de-accesibilidad\/","og_site_name":"Camino Ferreras Traducciones","article_modified_time":"2023-07-19T20:38:26+00:00","og_image":[{"width":463,"height":115,"url":"https:\/\/caminoferrerastraducciones.com\/wp-content\/uploads\/2023\/06\/logo-lila.png","type":"image\/png"}],"twitter_card":"summary_large_image","twitter_misc":{"Tiempo de lectura":"3 minutos"},"schema":{"@context":"https:\/\/schema.org","@graph":[{"@type":"WebPage","@id":"https:\/\/caminoferrerastraducciones.com\/index.php\/declaracion-de-accesibilidad\/","url":"https:\/\/caminoferrerastraducciones.com\/index.php\/declaracion-de-accesibilidad\/","name":"Declaraci\u00f3n de accesibilidad - Camino Ferreras Traducciones","isPartOf":{"@id":"https:\/\/caminoferrerastraducciones.com\/#website"},"datePublished":"2023-07-19T20:38:25+00:00","dateModified":"2023-07-19T20:38:26+00:00","breadcrumb":{"@id":"https:\/\/caminoferrerastraducciones.com\/index.php\/declaracion-de-accesibilidad\/#breadcrumb"},"inLanguage":"es","potentialAction":[{"@type":"ReadAction","target":["https:\/\/caminoferrerastraducciones.com\/index.php\/declaracion-de-accesibilidad\/"]}]},{"@type":"BreadcrumbList","@id":"https:\/\/caminoferrerastraducciones.com\/index.php\/declaracion-de-accesibilidad\/#breadcrumb","itemListElement":[{"@type":"ListItem","position":1,"name":"Portada","item":"https:\/\/caminoferrerastraducciones.com\/"},{"@type":"ListItem","position":2,"name":"Declaraci\u00f3n de accesibilidad"}]},{"@type":"WebSite","@id":"https:\/\/caminoferrerastraducciones.com\/#website","url":"https:\/\/caminoferrerastraducciones.com\/","name":"Camino Ferreras Traducciones","description":"Conf\u00eda tus traducciones juradas de ingl\u00e9s-espa\u00f1ol a una profesional acreditada","publisher":{"@id":"https:\/\/caminoferrerastraducciones.com\/#organization"},"alternateName":"Camino Ferreras","potentialAction":[{"@type":"SearchAction","target":{"@type":"EntryPoint","urlTemplate":"https:\/\/caminoferrerastraducciones.com\/?s={search_term_string}"},"query-input":"required name=search_term_string"}],"inLanguage":"es"},{"@type":"Organization","@id":"https:\/\/caminoferrerastraducciones.com\/#organization","name":"Camino Ferreras Traducciones","url":"https:\/\/caminoferrerastraducciones.com\/","logo":{"@type":"ImageObject","inLanguage":"es","@id":"https:\/\/caminoferrerastraducciones.com\/#\/schema\/logo\/image\/","url":"https:\/\/caminoferrerastraducciones.com\/wp-content\/uploads\/2023\/06\/cropped-logo-lila.png","contentUrl":"https:\/\/caminoferrerastraducciones.com\/wp-content\/uploads\/2023\/06\/cropped-logo-lila.png","width":95,"height":92,"caption":"Camino Ferreras Traducciones"},"image":{"@id":"https:\/\/caminoferrerastraducciones.com\/#\/schema\/logo\/image\/"},"sameAs":["https:\/\/www.instagram.com\/caminoferreras\/","https:\/\/www.linkedin.com\/in\/mara-del-camino-ferreras-gonzlez-4b358485\/"]}]}},"_links":{"self":[{"href":"https:\/\/caminoferrerastraducciones.com\/index.php\/wp-json\/wp\/v2\/pages\/142"}],"collection":[{"href":"https:\/\/caminoferrerastraducciones.com\/index.php\/wp-json\/wp\/v2\/pages"}],"about":[{"href":"https:\/\/caminoferrerastraducciones.com\/index.php\/wp-json\/wp\/v2\/types\/page"}],"author":[{"embeddable":true,"href":"https:\/\/caminoferrerastraducciones.com\/index.php\/wp-json\/wp\/v2\/users\/1"}],"replies":[{"embeddable":true,"href":"https:\/\/caminoferrerastraducciones.com\/index.php\/wp-json\/wp\/v2\/comments?post=142"}],"version-history":[{"count":1,"href":"https:\/\/caminoferrerastraducciones.com\/index.php\/wp-json\/wp\/v2\/pages\/142\/revisions"}],"predecessor-version":[{"id":144,"href":"https:\/\/caminoferrerastraducciones.com\/index.php\/wp-json\/wp\/v2\/pages\/142\/revisions\/144"}],"wp:attachment":[{"href":"https:\/\/caminoferrerastraducciones.com\/index.php\/wp-json\/wp\/v2\/media?parent=142"}],"curies":[{"name":"wp","href":"https:\/\/api.w.org\/{rel}","templated":true}]}}